{"id":12,"date":"2017-07-18T14:05:19","date_gmt":"2017-07-18T14:05:19","guid":{"rendered":"http:\/\/sazonski.de\/?page_id=12"},"modified":"2022-11-02T12:19:14","modified_gmt":"2022-11-02T12:19:14","slug":"fliesen-legen","status":"publish","type":"page","link":"http:\/\/sazonski.de\/?page_id=12","title":{"rendered":"Fliesen"},"content":{"rendered":"<p>Fliesen bieten f\u00fcr jeden Wohnstil das passende Design. Sie erinnern in Optik und Struktur an nat\u00fcrlichen Sandstein, hochwertigen Marmor oder an Holz. Das umfangreiche Angebot beschert uns eine gro\u00dfe Vielfalt \u2013 vom Mosaik bis zu Sonderformaten.<\/p>\n<p>Wir verlegen die von Ihnen ausgesuchten Fliesen fachgerecht und schnell.&nbsp; In der nachfolgenden Bildergalerie finden Sie einige Beispiele f\u00fcr von uns durchgef\u00fchrte Fliesenarbeiten:<\/p>\n\n\nngg_shortcode_0_placeholder\n","protected":false},"excerpt":{"rendered":"<p>Fliesen bieten f\u00fcr jeden Wohnstil das passende Design. Sie erinnern in Optik und Struktur an nat\u00fcrlichen Sandstein, hochwertigen Marmor oder an Holz. Das umfangreiche Angebot beschert uns eine gro\u00dfe Vielfalt \u2013 vom Mosaik bis zu Sonderformaten. Wir verlegen die von Ihnen ausgesuchten Fliesen fachgerecht und schnell.&nbsp; In der nachfolgenden Bildergalerie finden Sie einige Beispiele f\u00fcr &hellip; <\/p>\n<p class=\"link-more\"><a href=\"http:\/\/sazonski.de\/?page_id=12\" class=\"more-link\"><span class=\"screen-reader-text\">\u201eFliesen\u201c<\/span> weiterlesen<\/a><\/p>\n","protected":false},"author":1,"featured_media":0,"parent":0,"menu_order":0,"comment_status":"closed","ping_status":"closed","template":"","meta":{"ngg_post_thumbnail":0,"footnotes":""},"class_list":["post-12","page","type-page","status-publish","hentry"],"_links":{"self":[{"href":"http:\/\/sazonski.de\/index.php?rest_route=\/wp\/v2\/pages\/12","targetHints":{"allow":["GET"]}}],"collection":[{"href":"http:\/\/sazonski.de\/index.php?rest_route=\/wp\/v2\/pages"}],"about":[{"href":"http:\/\/sazonski.de\/index.php?rest_route=\/wp\/v2\/types\/page"}],"author":[{"embeddable":true,"href":"http:\/\/sazonski.de\/index.php?rest_route=\/wp\/v2\/users\/1"}],"replies":[{"embeddable":true,"href":"http:\/\/sazonski.de\/index.php?rest_route=%2Fwp%2Fv2%2Fcomments&post=12"}],"version-history":[{"count":14,"href":"http:\/\/sazonski.de\/index.php?rest_route=\/wp\/v2\/pages\/12\/revisions"}],"predecessor-version":[{"id":249,"href":"http:\/\/sazonski.de\/index.php?rest_route=\/wp\/v2\/pages\/12\/revisions\/249"}],"wp:attachment":[{"href":"http:\/\/sazonski.de\/index.php?rest_route=%2Fwp%2Fv2%2Fmedia&parent=12"}],"curies":[{"name":"wp","href":"https:\/\/api.w.org\/{rel}","templated":true}]}}