{"id":19,"date":"2017-07-18T14:06:34","date_gmt":"2017-07-18T14:06:34","guid":{"rendered":"http:\/\/sazonski.de\/?page_id=19"},"modified":"2022-11-02T12:03:23","modified_gmt":"2022-11-02T12:03:23","slug":"trockenbau","status":"publish","type":"page","link":"http:\/\/sazonski.de\/?page_id=19","title":{"rendered":"Trockenbau"},"content":{"rendered":"<p>Mit Trockenbau k\u00f6nnen Sie Ihre Innenr\u00e4ume&nbsp; neu gestalten und renovieren. Ohne M\u00f6rtel und Ziegelsteine lassen sich Zwischenw\u00e4nde sauber und schnell hochziehen und versetzen, k\u00f6nnen Zwischendecken eingezogen und R\u00e4ume f\u00fcr spezielle Anforderungen umgebaut werden.<\/p>\n<p>Wir \u00fcbernehmen alle von Ihnen gew\u00fcnschten Trockenbauma\u00dfnahmen sauber und fachgerecht.&nbsp; In der nachfolgenden Bildergalerie finden Sie einige Beispiele f\u00fcr von uns durchgef\u00fchrte Arbeiten:<\/p>\n\n\nngg_shortcode_0_placeholder\n","protected":false},"excerpt":{"rendered":"<p>Mit Trockenbau k\u00f6nnen Sie Ihre Innenr\u00e4ume&nbsp; neu gestalten und renovieren. Ohne M\u00f6rtel und Ziegelsteine lassen sich Zwischenw\u00e4nde sauber und schnell hochziehen und versetzen, k\u00f6nnen Zwischendecken eingezogen und R\u00e4ume f\u00fcr spezielle Anforderungen umgebaut werden. Wir \u00fcbernehmen alle von Ihnen gew\u00fcnschten Trockenbauma\u00dfnahmen sauber und fachgerecht.&nbsp; In der nachfolgenden Bildergalerie finden Sie einige Beispiele f\u00fcr von uns durchgef\u00fchrte &hellip; <\/p>\n<p class=\"link-more\"><a href=\"http:\/\/sazonski.de\/?page_id=19\" class=\"more-link\"><span class=\"screen-reader-text\">\u201eTrockenbau\u201c<\/span> weiterlesen<\/a><\/p>\n","protected":false},"author":1,"featured_media":0,"parent":0,"menu_order":0,"comment_status":"closed","ping_status":"closed","template":"","meta":{"ngg_post_thumbnail":0,"footnotes":""},"class_list":["post-19","page","type-page","status-publish","hentry"],"_links":{"self":[{"href":"http:\/\/sazonski.de\/index.php?rest_route=\/wp\/v2\/pages\/19","targetHints":{"allow":["GET"]}}],"collection":[{"href":"http:\/\/sazonski.de\/index.php?rest_route=\/wp\/v2\/pages"}],"about":[{"href":"http:\/\/sazonski.de\/index.php?rest_route=\/wp\/v2\/types\/page"}],"author":[{"embeddable":true,"href":"http:\/\/sazonski.de\/index.php?rest_route=\/wp\/v2\/users\/1"}],"replies":[{"embeddable":true,"href":"http:\/\/sazonski.de\/index.php?rest_route=%2Fwp%2Fv2%2Fcomments&post=19"}],"version-history":[{"count":7,"href":"http:\/\/sazonski.de\/index.php?rest_route=\/wp\/v2\/pages\/19\/revisions"}],"predecessor-version":[{"id":234,"href":"http:\/\/sazonski.de\/index.php?rest_route=\/wp\/v2\/pages\/19\/revisions\/234"}],"wp:attachment":[{"href":"http:\/\/sazonski.de\/index.php?rest_route=%2Fwp%2Fv2%2Fmedia&parent=19"}],"curies":[{"name":"wp","href":"https:\/\/api.w.org\/{rel}","templated":true}]}}